{"id":22,"date":"2024-01-18T08:45:43","date_gmt":"2024-01-18T08:45:43","guid":{"rendered":"https:\/\/u4.com.pl\/index.php\/page-7\/"},"modified":"2024-01-24T14:20:40","modified_gmt":"2024-01-24T14:20:40","slug":"strona-glowna","status":"publish","type":"page","link":"https:\/\/u4.com.pl\/","title":{"rendered":"Strona G\u0142\u00f3wna"},"content":{"rendered":"\n    \n    <section class=\"u-clearfix u-custom-color-1 u-section-2\" id=\"carousel_db84\">\n      <div class=\"data-layout-selected u-clearfix u-gutter-0 u-layout-wrap u-layout-wrap-1\">\n        <div class=\"u-layout\">\n          <div class=\"u-layout-row\">\n            <div class=\"u-align-center u-container-style u-layout-cell u-right-cell u-shape-rectangle u-size-26-lg u-size-26-xl u-size-30-md u-size-30-sm u-size-30-xs u-layout-cell-1\">\n              <div class=\"u-container-layout u-container-layout-1\">\n                <h1 class=\"u-align-center u-text u-text-1\">Domena na sprzeda\u017c <\/h1>\n                <h1 class=\"u-color-scheme-u10 u-color-style-multicolor-1 u-text u-text-2\">u4.com.pl <\/h1>\n                <h4 class=\"u-custom-font u-text u-text-3\">Napisz do nas <\/h4>\n              <\/div>\n            <\/div>\n            <div class=\"u-border-no-bottom u-border-no-left u-border-no-right u-border-no-top u-container-style u-image u-layout-cell u-left-cell u-size-30-md u-size-30-sm u-size-30-xs u-size-34-lg u-size-34-xl u-image-1\" src=\"\" style=\"background-image: url(&quot;https:\/\/u4.com.pl\/wp-content\/uploads\/2024\/01\/pexels-photo-5650025.jpeg&quot;);\">\n              <div class=\"u-container-layout u-container-layout-2\"><\/div>\n            <\/div>\n          <\/div>\n        <\/div>\n      <\/div>\n    <\/section>\n    <section class=\"u-align-center u-clearfix u-section-3\" id=\"sec-2284\">\n      <div class=\"u-clearfix u-sheet u-valign-middle u-sheet-1\">\n        <h2 class=\"u-text u-text-default u-text-1\">Skontaktuj si\u0119 z nami <\/h2>\n        <div class=\"u-form u-form-1\">\n          <form action=\"https:\/\/forms.nicepagesrv.com\/v2\/form\/process\" class=\"u-clearfix u-form-spacing-10 u-form-vertical u-inner-form\" style=\"padding: 10px\" source=\"email\" name=\"form\">\n            <div class=\"u-form-group u-form-name u-label-none\">\n              <label for=\"name-3b9a\" class=\"u-label\">Name<\/label>\n              <input type=\"text\" placeholder=\"Wpisz swoj\u0119 imi\u0119 i nazwisko\" id=\"name-3b9a\" name=\"name\" class=\"u-input u-input-rectangle\" required=\"\">\n            <\/div>\n            <div class=\"u-form-email u-form-group u-label-none\">\n              <label for=\"email-3b9a\" class=\"u-label\">Email<\/label>\n              <input type=\"email\" placeholder=\"Wpisz sw\u00f3j adres Email\" id=\"email-3b9a\" name=\"email\" class=\"u-input u-input-rectangle\" required=\"\">\n            <\/div>\n            <div class=\"u-form-group u-form-message u-label-none\">\n              <label for=\"message-3b9a\" class=\"u-label\">Message<\/label>\n              <textarea placeholder=\"Wiadomo\u015b\u0107\" rows=\"4\" cols=\"50\" id=\"message-3b9a\" name=\"message\" class=\"u-input u-input-rectangle\" required=\"\"><\/textarea>\n            <\/div>\n            <div class=\"u-align-left u-form-group u-form-submit\">\n              <a href=\"#\" class=\"u-black u-border-none u-btn u-btn-submit u-button-style u-btn-1\">Wy\u015blij <\/a>\n              <input type=\"submit\" value=\"submit\" class=\"u-form-control-hidden\">\n            <\/div>\n            <div class=\"u-form-send-message u-form-send-success\">Dzi\u0119kujemy za wiadomo\u015b\u0107, wkr\u00f3tce si\u0119 do ciebie odezwiemy<\/div>\n            <div class=\"u-form-send-error u-form-send-message\">B\u0142\u0105d sprawd\u017a poprawno\u015b\u0107 danych<\/div>\n            <input type=\"hidden\" value=\"\" name=\"recaptchaResponse\">\n            <input type=\"hidden\" name=\"formServices\" value=\"99f9f42a-bd93-9ce3-dd30-cbd31fe9786d\">\n          <\/form>\n        <\/div>\n      <\/div>\n    <\/section>\n    \n    \n    \n  \n","protected":false},"excerpt":{"rendered":"<p>Domena na sprzeda\u017c u4.com.pl Napisz do nas Skontaktuj si\u0119 z nami Name Email Message Wy\u015blij Dzi\u0119kujemy za wiadomo\u015b\u0107, wkr\u00f3tce si\u0119 do ciebie odezwiemy B\u0142\u0105d sprawd\u017a poprawno\u015b\u0107 danych<\/p>\n","protected":false},"author":1,"featured_media":0,"parent":0,"menu_order":1,"comment_status":"closed","ping_status":"closed","template":"","meta":{"footnotes":""},"_links":{"self":[{"href":"https:\/\/u4.com.pl\/index.php\/wp-json\/wp\/v2\/pages\/22"}],"collection":[{"href":"https:\/\/u4.com.pl\/index.php\/wp-json\/wp\/v2\/pages"}],"about":[{"href":"https:\/\/u4.com.pl\/index.php\/wp-json\/wp\/v2\/types\/page"}],"author":[{"embeddable":true,"href":"https:\/\/u4.com.pl\/index.php\/wp-json\/wp\/v2\/users\/1"}],"replies":[{"embeddable":true,"href":"https:\/\/u4.com.pl\/index.php\/wp-json\/wp\/v2\/comments?post=22"}],"version-history":[{"count":4,"href":"https:\/\/u4.com.pl\/index.php\/wp-json\/wp\/v2\/pages\/22\/revisions"}],"predecessor-version":[{"id":37,"href":"https:\/\/u4.com.pl\/index.php\/wp-json\/wp\/v2\/pages\/22\/revisions\/37"}],"wp:attachment":[{"href":"https:\/\/u4.com.pl\/index.php\/wp-json\/wp\/v2\/media?parent=22"}],"curies":[{"name":"wp","href":"https:\/\/api.w.org\/{rel}","templated":true}]}}